{"id":487,"date":"2020-09-07T09:01:54","date_gmt":"2020-09-07T09:01:54","guid":{"rendered":"http:\/\/testerwp.com\/template\/logitech-finance\/?page_id=487"},"modified":"2025-05-21T16:42:10","modified_gmt":"2025-05-21T14:42:10","slug":"rolunk","status":"publish","type":"page","link":"https:\/\/safebank13.hu\/en\/rolunk\/","title":{"rendered":"About the company"},"content":{"rendered":"<div data-elementor-type=\"wp-page\" data-elementor-id=\"487\" class=\"elementor elementor-487\">\n\t\t\t\t\t\t<section class=\"elementor-section elementor-top-section elementor-element elementor-element-1ca0dc48 elementor-section-boxed elementor-section-height-default elementor-section-height-default\" data-id=\"1ca0dc48\" data-element_type=\"section\" data-e-type=\"section\" data-settings=\"{&quot;background_background&quot;:&quot;classic&quot;}\">\n\t\t\t\t\t\t<div class=\"elementor-container elementor-column-gap-default\">\n\t\t\t\t\t<div class=\"elementor-column elementor-col-100 elementor-top-column elementor-element elementor-element-27a37b65\" data-id=\"27a37b65\" data-element_type=\"column\" data-e-type=\"column\">\n\t\t\t<div class=\"elementor-widget-wrap elementor-element-populated\">\n\t\t\t\t\t\t<section class=\"elementor-section elementor-inner-section elementor-element elementor-element-4ec30d42 elementor-section-boxed elementor-section-height-default elementor-section-height-default\" data-id=\"4ec30d42\" data-element_type=\"section\" data-e-type=\"section\">\n\t\t\t\t\t\t<div class=\"elementor-container elementor-column-gap-default\">\n\t\t\t\t\t<div class=\"elementor-column elementor-col-100 elementor-inner-column elementor-element elementor-element-2574d1ef\" data-id=\"2574d1ef\" data-element_type=\"column\" data-e-type=\"column\">\n\t\t\t<div class=\"elementor-widget-wrap elementor-element-populated\">\n\t\t\t\t\t\t<div class=\"elementor-element elementor-element-4f34055 elementor-widget-tablet__width-initial elementor-widget-mobile__width-initial elementor-widget elementor-widget-elementskit-heading\" data-id=\"4f34055\" data-element_type=\"widget\" data-e-type=\"widget\" data-widget_type=\"elementskit-heading.default\">\n\t\t\t\t<div class=\"elementor-widget-container\">\n\t\t\t\t\t<div class=\"ekit-wid-con\" ><div class=\"ekit-heading elementskit-section-title-wraper text_left   ekit_heading_tablet-text_center   ekit_heading_mobile-\"><h2 class=\"ekit-heading--title elementskit-section-title\">About the company<\/h2><\/div><\/div>\t\t\t\t<\/div>\n\t\t\t\t<\/div>\n\t\t\t\t<div class=\"elementor-element elementor-element-1207dbf elementor-widget elementor-widget-text-editor\" data-id=\"1207dbf\" data-element_type=\"widget\" data-e-type=\"widget\" data-widget_type=\"text-editor.default\">\n\t\t\t\t<div class=\"elementor-widget-container\">\n\t\t\t\t\t\t\t\t\t<ul><li><p style=\"font-weight: 400;\">Our company, as a member of the Foldana corporate group, decided to establish a financial enterprise based on the provisions of Act CCXXXVII of 2013. Among the shareholders of this Hungarian-owned company are individuals with outstanding expertise in the banking sector. The majority shareholder of the company is Foldana Real Estate and Debt Management Ltd., which has over 15 years of experience in debt management, enforcement, and the operation of condominium associations. Our company\u2019s philosophy is to utilize the accumulated experience in a professional environment, always striving to find the appropriate solution while considering the interests of every client we engage with.<\/p><p style=\"font-weight: 400;\">The operation of the financial institution as a financial enterprise has been authorized by the Hungarian National Bank under decision H-EN-I-250\/2017, permitting debt purchasing as well as lending and credit provision to non-consumer individuals with personal limits. Within this framework, we can offer a wide range of solutions to our business partners, including non-recourse debt purchasing, commissioned debt management, accounts receivable factoring, tender and VAT financing, as well as investment financing for condominium associations and financing for agricultural primary producers and businesses.<\/p><p style=\"font-weight: 400;\">Our financial activities are supported both by our company\u2019s own resources and by the limits provided by our commercial partner bank.<\/p><p style=\"font-weight: 400;\">Taking advantage of market demand, our financial enterprise has decided to commence safe deposit services. This decision was supported by the corporate group's real estate development activities during the construction of Hotel Foldana, when it was resolved to create a safe deposit room with 3,000 lockers on the building\u2019s basement level (-2), meeting modern security requirements. Our safe deposit service has been authorized by the Hungarian National Bank under decision H-EN-I-226\/2023, allowing us to provide official, secure, and professional safe deposit services to our clients.<\/p><p style=\"font-weight: 400;\">During safe rental, clients personally place their belongings, valuables, documents, certificates, investment items, and collections into a pre-selected safe deposit box. The opening of the safe deposit boxes and the placement of items take place in a separated, discreet area of the safe room, ensuring that only the client is aware of the contents of their safe. Our safe room is equipped with Wertheim-manufactured safe systems, each of which complies with the highest vault standards. We employ a multi-level biometric security system for both access control and the placement of valuables.<\/p><\/li><\/ul>\t\t\t\t\t\t\t\t<\/div>\n\t\t\t\t<\/div>\n\t\t\t\t\t<\/div>\n\t\t<\/div>\n\t\t\t\t\t<\/div>\n\t\t<\/section>\n\t\t\t\t\t<\/div>\n\t\t<\/div>\n\t\t\t\t\t<\/div>\n\t\t<\/section>\n\t\t\t\t<\/div>","protected":false},"excerpt":{"rendered":"<p>R\u00f3lunk T\u00e1rsas\u00e1gunk a Foldana c\u00e9gcsoport tagjak\u00e9nt a 2013.\u00e9vi CCXXXVII. t\u00f6rv\u00e9ny rendelkez\u00e9sei alapj\u00e1n d\u00f6nt\u00f6tt a p\u00e9nz\u00fcgyi v\u00e1llalkoz\u00e1s megalap\u00edt\u00e1s\u00e1r\u00f3l. A magyar tulajdon\u00fa t\u00e1rsas\u00e1g r\u00e9szv\u00e9nyesei k\u00f6z\u00f6tt a bankszektor kiemelked\u0151 szakmais\u00e1ggal rendelkez\u0151 szem\u00e9lyei is megtal\u00e1lhat\u00f3ak. A t\u00e1rsas\u00e1g t\u00f6bbs\u00e9gi r\u00e9szv\u00e9nyese a Foldana Ingatlan- \u00e9s K\u00f6vetel\u00e9skezel\u0151 Kft., t\u00f6bb mint 15 \u00e9ves tapasztalattal rendelkezik a k\u00f6vetel\u00e9sek kezel\u00e9s\u00e9ben, \u00e9rv\u00e9nyes\u00edt\u00e9s\u00e9ben, valamint a t\u00e1rsash\u00e1zak \u00fczemeltet\u00e9s\u00e9ben&#8230;.<\/p>","protected":false},"author":1,"featured_media":6028,"parent":0,"menu_order":0,"comment_status":"closed","ping_status":"closed","template":"elementor_header_footer","meta":{"footnotes":""},"class_list":["post-487","page","type-page","status-publish","has-post-thumbnail","hentry"],"_links":{"self":[{"href":"https:\/\/safebank13.hu\/en\/wp-json\/wp\/v2\/pages\/487","targetHints":{"allow":["GET"]}}],"collection":[{"href":"https:\/\/safebank13.hu\/en\/wp-json\/wp\/v2\/pages"}],"about":[{"href":"https:\/\/safebank13.hu\/en\/wp-json\/wp\/v2\/types\/page"}],"author":[{"embeddable":true,"href":"https:\/\/safebank13.hu\/en\/wp-json\/wp\/v2\/users\/1"}],"replies":[{"embeddable":true,"href":"https:\/\/safebank13.hu\/en\/wp-json\/wp\/v2\/comments?post=487"}],"version-history":[{"count":12,"href":"https:\/\/safebank13.hu\/en\/wp-json\/wp\/v2\/pages\/487\/revisions"}],"predecessor-version":[{"id":6249,"href":"https:\/\/safebank13.hu\/en\/wp-json\/wp\/v2\/pages\/487\/revisions\/6249"}],"wp:featuredmedia":[{"embeddable":true,"href":"https:\/\/safebank13.hu\/en\/wp-json\/wp\/v2\/media\/6028"}],"wp:attachment":[{"href":"https:\/\/safebank13.hu\/en\/wp-json\/wp\/v2\/media?parent=487"}],"curies":[{"name":"wp","href":"https:\/\/api.w.org\/{rel}","templated":true}]}}