{"id":6278,"date":"2025-05-16T13:03:20","date_gmt":"2025-05-16T11:03:20","guid":{"rendered":"https:\/\/szefbank.cloudsystems.hu\/?page_id=6278"},"modified":"2025-06-30T10:04:38","modified_gmt":"2025-06-30T08:04:38","slug":"szef-meretek","status":"publish","type":"page","link":"https:\/\/safebank13.hu\/en\/szef-meretek\/","title":{"rendered":"Safe sizes"},"content":{"rendered":"<div data-elementor-type=\"wp-page\" data-elementor-id=\"6278\" class=\"elementor elementor-6278\">\n\t\t\t\t<div class=\"elementor-element elementor-element-2202469 e-flex e-con-boxed e-con e-parent\" data-id=\"2202469\" data-element_type=\"container\" data-e-type=\"container\">\n\t\t\t\t\t<div class=\"e-con-inner\">\n\t\t<div class=\"elementor-element elementor-element-20c2951 e-con-full e-flex e-con e-child\" data-id=\"20c2951\" data-element_type=\"container\" data-e-type=\"container\">\n\t\t<div class=\"elementor-element elementor-element-5a9aa15 e-grid e-con-full e-con e-child\" data-id=\"5a9aa15\" data-element_type=\"container\" data-e-type=\"container\">\n\t\t\t\t<div class=\"elementor-element elementor-element-9f67342 elementor-widget elementor-widget-text-editor\" data-id=\"9f67342\" data-element_type=\"widget\" data-e-type=\"widget\" data-widget_type=\"text-editor.default\">\n\t\t\t\t<div class=\"elementor-widget-container\">\n\t\t\t\t\t\t\t\t\t<p style=\"font-weight: 400; text-align: center;\">A type : 5,3 l<\/p><p style=\"font-weight: 400; text-align: center;\">B type: 10,8 l<\/p><p style=\"font-weight: 400; text-align: center;\">C type: 16,2 l<\/p><p style=\"font-weight: 400; text-align: center;\">D type: 21,7 l<\/p><p style=\"font-weight: 400; text-align: center;\">E type: 27,2 l<\/p>\t\t\t\t\t\t\t\t<\/div>\n\t\t\t\t<\/div>\n\t\t\t\t<div class=\"elementor-element elementor-element-9aa99bf elementor-widget elementor-widget-image\" data-id=\"9aa99bf\" data-element_type=\"widget\" data-e-type=\"widget\" data-widget_type=\"image.default\">\n\t\t\t\t<div class=\"elementor-widget-container\">\n\t\t\t\t\t\t\t\t\t\t\t\t\t\t\t<img fetchpriority=\"high\" decoding=\"async\" width=\"640\" height=\"480\" src=\"https:\/\/safebank13.hu\/wp-content\/uploads\/2025\/05\/Depositphotos_18031691_ds-1024x768.webp\" class=\"attachment-large size-large wp-image-6297\" alt=\"\" srcset=\"https:\/\/safebank13.hu\/wp-content\/uploads\/2025\/05\/Depositphotos_18031691_ds-1024x768.webp 1024w, https:\/\/safebank13.hu\/wp-content\/uploads\/2025\/05\/Depositphotos_18031691_ds-300x225.webp 300w, https:\/\/safebank13.hu\/wp-content\/uploads\/2025\/05\/Depositphotos_18031691_ds-768x576.webp 768w, https:\/\/safebank13.hu\/wp-content\/uploads\/2025\/05\/Depositphotos_18031691_ds-1536x1152.webp 1536w, https:\/\/safebank13.hu\/wp-content\/uploads\/2025\/05\/Depositphotos_18031691_ds-2048x1536.webp 2048w\" sizes=\"(max-width: 640px) 100vw, 640px\" \/>\t\t\t\t\t\t\t\t\t\t\t\t\t\t\t<\/div>\n\t\t\t\t<\/div>\n\t\t\t\t<\/div>\n\t\t\t\t<\/div>\n\t\t<div class=\"elementor-element elementor-element-dca1b75 e-grid e-con-full e-con e-child\" data-id=\"dca1b75\" data-element_type=\"container\" data-e-type=\"container\">\n\t\t\t\t<div class=\"elementor-element elementor-element-8330c07 elementor-widget elementor-widget-image\" data-id=\"8330c07\" data-element_type=\"widget\" data-e-type=\"widget\" data-widget_type=\"image.default\">\n\t\t\t\t<div class=\"elementor-widget-container\">\n\t\t\t\t\t\t\t\t\t\t\t\t\t\t\t<img decoding=\"async\" width=\"500\" height=\"389\" src=\"https:\/\/safebank13.hu\/wp-content\/uploads\/2025\/05\/szef1.png\" class=\"attachment-large size-large wp-image-6376\" alt=\"\" srcset=\"https:\/\/safebank13.hu\/wp-content\/uploads\/2025\/05\/szef1.png 500w, https:\/\/safebank13.hu\/wp-content\/uploads\/2025\/05\/szef1-300x233.png 300w\" sizes=\"(max-width: 500px) 100vw, 500px\" \/>\t\t\t\t\t\t\t\t\t\t\t\t\t\t\t<\/div>\n\t\t\t\t<\/div>\n\t\t\t\t<div class=\"elementor-element elementor-element-dd68455 elementor-widget elementor-widget-image\" data-id=\"dd68455\" data-element_type=\"widget\" data-e-type=\"widget\" data-widget_type=\"image.default\">\n\t\t\t\t<div class=\"elementor-widget-container\">\n\t\t\t\t\t\t\t\t\t\t\t\t\t\t\t<img decoding=\"async\" width=\"500\" height=\"439\" src=\"https:\/\/safebank13.hu\/wp-content\/uploads\/2025\/05\/szef2.png\" class=\"attachment-large size-large wp-image-6373\" alt=\"\" srcset=\"https:\/\/safebank13.hu\/wp-content\/uploads\/2025\/05\/szef2.png 500w, https:\/\/safebank13.hu\/wp-content\/uploads\/2025\/05\/szef2-300x263.png 300w\" sizes=\"(max-width: 500px) 100vw, 500px\" \/>\t\t\t\t\t\t\t\t\t\t\t\t\t\t\t<\/div>\n\t\t\t\t<\/div>\n\t\t\t\t<div class=\"elementor-element elementor-element-86a6c5f elementor-widget elementor-widget-image\" data-id=\"86a6c5f\" data-element_type=\"widget\" data-e-type=\"widget\" data-widget_type=\"image.default\">\n\t\t\t\t<div class=\"elementor-widget-container\">\n\t\t\t\t\t\t\t\t\t\t\t\t\t\t\t<img loading=\"lazy\" decoding=\"async\" width=\"500\" height=\"470\" src=\"https:\/\/safebank13.hu\/wp-content\/uploads\/2025\/05\/szef3.png\" class=\"attachment-large size-large wp-image-6375\" alt=\"\" srcset=\"https:\/\/safebank13.hu\/wp-content\/uploads\/2025\/05\/szef3.png 500w, https:\/\/safebank13.hu\/wp-content\/uploads\/2025\/05\/szef3-300x282.png 300w\" sizes=\"(max-width: 500px) 100vw, 500px\" \/>\t\t\t\t\t\t\t\t\t\t\t\t\t\t\t<\/div>\n\t\t\t\t<\/div>\n\t\t\t\t<div class=\"elementor-element elementor-element-2c68f1f elementor-widget elementor-widget-image\" data-id=\"2c68f1f\" data-element_type=\"widget\" data-e-type=\"widget\" data-widget_type=\"image.default\">\n\t\t\t\t<div class=\"elementor-widget-container\">\n\t\t\t\t\t\t\t\t\t\t\t\t\t\t\t<img loading=\"lazy\" decoding=\"async\" width=\"500\" height=\"515\" src=\"https:\/\/safebank13.hu\/wp-content\/uploads\/2025\/05\/szef4.png\" class=\"attachment-large size-large wp-image-6372\" alt=\"\" srcset=\"https:\/\/safebank13.hu\/wp-content\/uploads\/2025\/05\/szef4.png 500w, https:\/\/safebank13.hu\/wp-content\/uploads\/2025\/05\/szef4-291x300.png 291w\" sizes=\"(max-width: 500px) 100vw, 500px\" \/>\t\t\t\t\t\t\t\t\t\t\t\t\t\t\t<\/div>\n\t\t\t\t<\/div>\n\t\t\t\t<div class=\"elementor-element elementor-element-702ff70 elementor-widget elementor-widget-image\" data-id=\"702ff70\" data-element_type=\"widget\" data-e-type=\"widget\" data-widget_type=\"image.default\">\n\t\t\t\t<div class=\"elementor-widget-container\">\n\t\t\t\t\t\t\t\t\t\t\t\t\t\t\t<img loading=\"lazy\" decoding=\"async\" width=\"500\" height=\"564\" src=\"https:\/\/safebank13.hu\/wp-content\/uploads\/2025\/05\/szef5.png\" class=\"attachment-large size-large wp-image-6374\" alt=\"\" srcset=\"https:\/\/safebank13.hu\/wp-content\/uploads\/2025\/05\/szef5.png 500w, https:\/\/safebank13.hu\/wp-content\/uploads\/2025\/05\/szef5-266x300.png 266w\" sizes=\"(max-width: 500px) 100vw, 500px\" \/>\t\t\t\t\t\t\t\t\t\t\t\t\t\t\t<\/div>\n\t\t\t\t<\/div>\n\t\t\t\t<\/div>\n\t\t\t\t<div class=\"elementor-element elementor-element-da4896f elementor-align-center elementor-widget elementor-widget-elementskit-button\" data-id=\"da4896f\" data-element_type=\"widget\" data-e-type=\"widget\" data-widget_type=\"elementskit-button.default\">\n\t\t\t\t<div class=\"elementor-widget-container\">\n\t\t\t\t\t<div class=\"ekit-wid-con\" >\t\t<div class=\"ekit-btn-wraper\">\n\t\t\t\t\t\t\t<a href=\"https:\/\/safebank13.hu\/en\/visszahivast-kerek\/\" class=\"elementskit-btn  whitespace--normal\" id=\"\">\n\t\t\t\t\t<i class=\"icon icon-phone-handset\"><\/i>I would like a call back.\t\t\t\t<\/a>\n\t\t\t\t\t<\/div>\n        <\/div>\t\t\t\t<\/div>\n\t\t\t\t<\/div>\n\t\t\t\t<div class=\"elementor-element elementor-element-792973b elementor-widget elementor-widget-text-editor\" data-id=\"792973b\" data-element_type=\"widget\" data-e-type=\"widget\" data-widget_type=\"text-editor.default\">\n\t\t\t\t<div class=\"elementor-widget-container\">\n\t\t\t\t\t\t\t\t\t<h3 style=\"font-weight: 400; text-align: center;\"><strong>Safe deposit box rental fees<\/strong><\/h3>\n<table style=\"font-weight: 400;\">\n<tbody>\n<tr>\n<td width=\"83\">\n<p><strong>Type<\/strong><\/p>\n<\/td>\n<td width=\"76\">\n<p><strong>Size<\/strong><\/p>\n<\/td>\n<td width=\"284\">\n<p><strong>Insurance coverage up to a maximum of ... HUF*<\/strong><\/p>\n<\/td>\n<td width=\"151\">\n<p><strong>Rental fee\/month**<\/strong><\/p>\n<\/td>\n<\/tr>\n<tr>\n<td width=\"83\">\n<p>A1<\/p>\n<\/td>\n<td rowspan=\"2\" width=\"76\">\n<p>5,3 l<\/p>\n<\/td>\n<td width=\"284\">\n<p>1.000.000.-HUF<\/p>\n<\/td>\n<td width=\"151\">\n<p>7.000.-\/h\u00f3<\/p>\n<\/td>\n<\/tr>\n<tr>\n<td width=\"83\">\n<p>A2<\/p>\n<\/td>\n<td width=\"284\">\n<p>4.000.000.-HUF<\/p>\n<\/td>\n<td width=\"151\">\n<p>9.000.-\/h\u00f3<\/p>\n<\/td>\n<\/tr>\n<tr>\n<td width=\"83\">\n<p>B1<\/p>\n<\/td>\n<td rowspan=\"2\" width=\"76\">\n<p>10,8 l<\/p>\n<\/td>\n<td width=\"284\">\n<p>3.000.000.-HUF<\/p>\n<\/td>\n<td width=\"151\">\n<p>8.500.-\/h\u00f3<\/p>\n<\/td>\n<\/tr>\n<tr>\n<td width=\"83\">\n<p>B2<\/p>\n<\/td>\n<td width=\"284\">\n<p>5.000.000.-HUF<\/p>\n<\/td>\n<td width=\"151\">\n<p>10.500.-\/h\u00f3<\/p>\n<\/td>\n<\/tr>\n<tr>\n<td width=\"83\">\n<p>C1<\/p>\n<\/td>\n<td rowspan=\"2\" width=\"76\">\n<p>16,2 l<\/p>\n<\/td>\n<td width=\"284\">\n<p>4.000.000.-HUF<\/p>\n<\/td>\n<td width=\"151\">\n<p>9.500.-\/h\u00f3<\/p>\n<\/td>\n<\/tr>\n<tr>\n<td width=\"83\">\n<p>C2<\/p>\n<\/td>\n<td width=\"284\">\n<p>6.000.000.-HUF<\/p>\n<\/td>\n<td width=\"151\">\n<p>11.000.-\/h\u00f3<\/p>\n<\/td>\n<\/tr>\n<tr>\n<td width=\"83\">\n<p>D1<\/p>\n<\/td>\n<td rowspan=\"2\" width=\"76\">\n<p>21,7 l<\/p>\n<\/td>\n<td width=\"284\">\n<p>5.000.000.-HUF<\/p>\n<\/td>\n<td width=\"151\">\n<p>11.500.-\/h\u00f3<\/p>\n<\/td>\n<\/tr>\n<tr>\n<td width=\"83\">\n<p>D2<\/p>\n<\/td>\n<td width=\"284\">\n<p>7.000.000.-HUF<\/p>\n<\/td>\n<td width=\"151\">\n<p>13.000.-\/h\u00f3<\/p>\n<\/td>\n<\/tr>\n<tr>\n<td width=\"83\">\n<p>E1<\/p>\n<\/td>\n<td rowspan=\"2\" width=\"76\">\n<p>27,2 l<\/p>\n<\/td>\n<td width=\"284\">\n<p>6.000.000.-HUF<\/p>\n<\/td>\n<td width=\"151\">\n<p>16.000.-\/h\u00f3<\/p>\n<\/td>\n<\/tr>\n<tr>\n<td width=\"83\">\n<p>E2<\/p>\n<\/td>\n<td width=\"284\">\n<p>8.000.000.-HUF<\/p>\n<\/td>\n<td width=\"151\">\n<p>20.000.-\/h\u00f3<\/p>\n<\/td>\n<\/tr>\n<\/tbody>\n<\/table>\n<p style=\"font-weight: 400;\">* The deposit boxes are insured by Generali Biztos\u00edt\u00f3 Zrt<br>** The full monthly rental fee is payable for each commenced month.<\/p>\t\t\t\t\t\t\t\t<\/div>\n\t\t\t\t<\/div>\n\t\t\t\t\t<\/div>\n\t\t\t\t<\/div>\n\t\t\t\t<\/div>","protected":false},"excerpt":{"rendered":"<p>A t\u00edpus : 5,3 l B t\u00edpus: 10,8 l C t\u00edpus: 16,2 l D t\u00edpus: 21,7 l E t\u00edpus: 27,2 l Visszah\u00edv\u00e1st k\u00e9rek Sz\u00e9f b\u00e9rleti d\u00edjak Sz\u00e9ft\u00edpus M\u00e9ret Biztos\u00edt\u00e1si v\u00e9delem maximum HUF-ig* Sz\u00e9fb\u00e9rleti d\u00edj\/h\u00f3** A1 5,3 l 1.000.000.-HUF 7.000.-\/h\u00f3 A2 4.000.000.-HUF 9.000.-\/h\u00f3 B1 10,8 l 3.000.000.-HUF 8.500.-\/h\u00f3 B2 5.000.000.-HUF 10.500.-\/h\u00f3 C1 16,2 l 4.000.000.-HUF 9.500.-\/h\u00f3&#8230;<\/p>","protected":false},"author":1,"featured_media":0,"parent":0,"menu_order":0,"comment_status":"closed","ping_status":"closed","template":"","meta":{"footnotes":""},"class_list":["post-6278","page","type-page","status-publish","hentry"],"_links":{"self":[{"href":"https:\/\/safebank13.hu\/en\/wp-json\/wp\/v2\/pages\/6278","targetHints":{"allow":["GET"]}}],"collection":[{"href":"https:\/\/safebank13.hu\/en\/wp-json\/wp\/v2\/pages"}],"about":[{"href":"https:\/\/safebank13.hu\/en\/wp-json\/wp\/v2\/types\/page"}],"author":[{"embeddable":true,"href":"https:\/\/safebank13.hu\/en\/wp-json\/wp\/v2\/users\/1"}],"replies":[{"embeddable":true,"href":"https:\/\/safebank13.hu\/en\/wp-json\/wp\/v2\/comments?post=6278"}],"version-history":[{"count":22,"href":"https:\/\/safebank13.hu\/en\/wp-json\/wp\/v2\/pages\/6278\/revisions"}],"predecessor-version":[{"id":6463,"href":"https:\/\/safebank13.hu\/en\/wp-json\/wp\/v2\/pages\/6278\/revisions\/6463"}],"wp:attachment":[{"href":"https:\/\/safebank13.hu\/en\/wp-json\/wp\/v2\/media?parent=6278"}],"curies":[{"name":"wp","href":"https:\/\/api.w.org\/{rel}","templated":true}]}}